{"id":161,"date":"2020-12-11T07:04:11","date_gmt":"2020-12-11T10:04:11","guid":{"rendered":"https:\/\/gaviaspreview.com\/wp\/orgarium\/?post_type=footer&#038;p=161"},"modified":"2023-06-13T01:54:51","modified_gmt":"2023-06-13T04:54:51","slug":"servicos","status":"publish","type":"page","link":"https:\/\/solumina.devricky.com.br\/index.php\/servicos\/","title":{"rendered":"Servi\u00e7os"},"content":{"rendered":"\t\t<div data-elementor-type=\"wp-post\" data-elementor-id=\"161\" class=\"elementor elementor-161\">\n\t\t\t\t\t\t<div class=\"elementor-inner\">\n\t\t\t\t<div class=\"elementor-section-wrap\">\n\t\t\t\t\t\t\t\t\t<section class=\"elementor-section elementor-top-section elementor-element elementor-element-b0c37b8 elementor-section-boxed elementor-section-height-default elementor-section-height-default shape-bg-top-no\" data-id=\"b0c37b8\" data-element_type=\"section\" data-settings=\"{&quot;background_background&quot;:&quot;slideshow&quot;,&quot;background_slideshow_gallery&quot;:[{&quot;id&quot;:2286,&quot;url&quot;:&quot;http:\\\/\\\/solumina.devricky.com.br\\\/wp-content\\\/uploads\\\/2023\\\/06\\\/1-edited.png&quot;},{&quot;id&quot;:2312,&quot;url&quot;:&quot;http:\\\/\\\/solumina.devricky.com.br\\\/wp-content\\\/uploads\\\/2023\\\/06\\\/4-edited-1.png&quot;}],&quot;background_slideshow_ken_burns&quot;:&quot;yes&quot;,&quot;background_slideshow_loop&quot;:&quot;yes&quot;,&quot;background_slideshow_slide_duration&quot;:5000,&quot;background_slideshow_slide_transition&quot;:&quot;fade&quot;,&quot;background_slideshow_transition_duration&quot;:500,&quot;background_slideshow_ken_burns_zoom_direction&quot;:&quot;in&quot;}\">\n\t\t\t\t\t\t<div class=\"elementor-container elementor-column-gap-default\">\n\t\t\t\t\t\t\t<div class=\"elementor-row\">\n\t\t\t\t\t<div class=\"elementor-column elementor-col-100 elementor-top-column elementor-element elementor-element-c8f7c30\" data-id=\"c8f7c30\" data-element_type=\"column\">\n\t\t\t<div class=\"elementor-column-wrap elementor-element-populated\">\n\t\t\t\t\t\t\t<div class=\"elementor-widget-wrap\">\n\t\t\t\t\t\t<div class=\"elementor-element elementor-element-63a5ee3 elementor-widget elementor-widget-gva-heading-block\" data-id=\"63a5ee3\" data-element_type=\"widget\" data-widget_type=\"gva-heading-block.default\">\n\t\t\t\t<div class=\"elementor-widget-container\">\n\t\t\t<div class=\"gva-element-gva-heading-block gva-element\">   <div class=\"align-left style-1 widget gsc-heading box-align-left auto-responsive\">\r\n      <div class=\"content-inner\">\r\n         \r\n                  \r\n           \r\n         \r\n                     <h2 class=\"title\">\r\n               <span>Servi\u00e7os<\/span>\r\n            <\/h2>\r\n                              <div class=\"title-desc\">Nosso compromisso: Servi\u00e7os de excel\u00eancia em energia solar<\/div>\r\n         \r\n         \r\n      <\/div>\r\n   <\/div>\r\n<\/div>\t\t<\/div>\n\t\t\t\t<\/div>\n\t\t\t\t\t\t<\/div>\n\t\t\t\t\t<\/div>\n\t\t<\/div>\n\t\t\t\t\t\t\t\t<\/div>\n\t\t\t\t\t<\/div>\n\t\t<\/section>\n\t\t\t\t<section class=\"elementor-section elementor-top-section elementor-element elementor-element-87ddc72 shape-bg-top-yes elementor-section-boxed elementor-section-height-default elementor-section-height-default shape-bg-bottom-no\" data-id=\"87ddc72\" data-element_type=\"section\">\n\t\t\t\t\t\t<div class=\"elementor-container elementor-column-gap-default\">\n\t\t\t\t\t\t\t<div class=\"elementor-row\">\n\t\t\t\t\t<div class=\"elementor-column elementor-col-50 elementor-top-column elementor-element elementor-element-4320106\" data-id=\"4320106\" data-element_type=\"column\">\n\t\t\t<div class=\"elementor-column-wrap elementor-element-populated\">\n\t\t\t\t\t\t\t<div class=\"elementor-widget-wrap\">\n\t\t\t\t\t\t<div class=\"elementor-element elementor-element-26d53e9 elementor-widget elementor-widget-gva-heading-block\" data-id=\"26d53e9\" data-element_type=\"widget\" data-widget_type=\"gva-heading-block.default\">\n\t\t\t\t<div class=\"elementor-widget-container\">\n\t\t\t<div class=\"gva-element-gva-heading-block gva-element\">   <div class=\"align-left style-1 widget gsc-heading box-align-left auto-responsive\">\r\n      <div class=\"content-inner\">\r\n         \r\n                  \r\n         <div class=\"sub-title\"><span class=\"heading-icon\"><img decoding=\"async\" src=\"http:\/\/solumina.devricky.com.br\/wp-content\/uploads\/2023\/06\/icons8-solar-energy-45.png\" alt=\"\" \/><\/span><span class=\"tagline\">Nossos servi\u00e7os<\/span><\/div>  \r\n         \r\n                     <h2 class=\"title\">\r\n               <span>Fornecemos os melhores servi\u00e7os para voc\u00ea!<\/span>\r\n            <\/h2>\r\n                  \r\n         \r\n      <\/div>\r\n   <\/div>\r\n<\/div>\t\t<\/div>\n\t\t\t\t<\/div>\n\t\t\t\t\t\t<\/div>\n\t\t\t\t\t<\/div>\n\t\t<\/div>\n\t\t\t\t<div class=\"elementor-column elementor-col-50 elementor-top-column elementor-element elementor-element-37305c4\" data-id=\"37305c4\" data-element_type=\"column\" data-settings=\"{&quot;background_background&quot;:&quot;classic&quot;}\">\n\t\t\t<div class=\"elementor-column-wrap elementor-element-populated\">\n\t\t\t\t\t\t\t<div class=\"elementor-widget-wrap\">\n\t\t\t\t\t\t<div class=\"elementor-element elementor-element-8bb0554 elementor-widget elementor-widget-text-editor\" data-id=\"8bb0554\" data-element_type=\"widget\" data-widget_type=\"text-editor.default\">\n\t\t\t\t<div class=\"elementor-widget-container\">\n\t\t\t<style>\/*! elementor - v3.13.3 - 28-05-2023 *\/\n.elementor-widget-text-editor.elementor-drop-cap-view-stacked .elementor-drop-cap{background-color:#69727d;color:#fff}.elementor-widget-text-editor.elementor-drop-cap-view-framed .elementor-drop-cap{color:#69727d;border:3px solid;background-color:transparent}.elementor-widget-text-editor:not(.elementor-drop-cap-view-default) .elementor-drop-cap{margin-top:8px}.elementor-widget-text-editor:not(.elementor-drop-cap-view-default) .elementor-drop-cap-letter{width:1em;height:1em}.elementor-widget-text-editor .elementor-drop-cap{float:left;text-align:center;line-height:1;font-size:50px}.elementor-widget-text-editor .elementor-drop-cap-letter{display:inline-block}<\/style>\t\t\t\t\t<div class=\"elementor-text-editor elementor-clearfix\">\n\t\t\t\t<p>Na nossa empresa, estamos comprometidos em oferecer solu\u00e7\u00f5es personalizadas e de alta qualidade para atender \u00e0s suas necessidades. Desde a concep\u00e7\u00e3o at\u00e9 a instala\u00e7\u00e3o e manuten\u00e7\u00e3o dos sistemas solares, garantimos excel\u00eancia em cada etapa do processo.<\/p>\t\t\t\t\t<\/div>\n\t\t\t\t\t\t<\/div>\n\t\t\t\t<\/div>\n\t\t\t\t\t\t<\/div>\n\t\t\t\t\t<\/div>\n\t\t<\/div>\n\t\t\t\t\t\t\t\t<\/div>\n\t\t\t\t\t<\/div>\n\t\t<\/section>\n\t\t\t\t<section class=\"elementor-section elementor-top-section elementor-element elementor-element-6c32d78 elementor-section-boxed elementor-section-height-default elementor-section-height-default shape-bg-top-no shape-bg-bottom-no\" data-id=\"6c32d78\" data-element_type=\"section\">\n\t\t\t\t\t\t<div class=\"elementor-container elementor-column-gap-default\">\n\t\t\t\t\t\t\t<div class=\"elementor-row\">\n\t\t\t\t\t<div class=\"elementor-column elementor-col-100 elementor-top-column elementor-element elementor-element-9786537\" data-id=\"9786537\" data-element_type=\"column\">\n\t\t\t<div class=\"elementor-column-wrap elementor-element-populated\">\n\t\t\t\t\t\t\t<div class=\"elementor-widget-wrap\">\n\t\t\t\t\t\t<div class=\"elementor-element elementor-element-a2e4aee elementor-widget elementor-widget-gva_icon_box_group\" data-id=\"a2e4aee\" data-element_type=\"widget\" data-widget_type=\"gva_icon_box_group.default\">\n\t\t\t\t<div class=\"elementor-widget-container\">\n\t\t\t<div class=\"gva-element-gva_icon_box_group gva-element\">\r\n<div class=\"gsc-icon-box-group layout-carousel swiper-slider-wrapper style-1 \">\r\n   <div class=\"swiper-content-inner\">\r\n      <div class=\"init-carousel-swiper swiper\" data-carousel=\"{&quot;items&quot;:4,&quot;items_lg&quot;:4,&quot;items_md&quot;:4,&quot;items_sm&quot;:3,&quot;items_xs&quot;:3,&quot;items_xx&quot;:2,&quot;effect&quot;:&quot;slide&quot;,&quot;space_between&quot;:30,&quot;loop&quot;:1,&quot;speed&quot;:600,&quot;autoplay&quot;:1,&quot;autoplay_delay&quot;:4500,&quot;autoplay_hover&quot;:1,&quot;navigation&quot;:1,&quot;pagination&quot;:0,&quot;dynamic_bullets&quot;:0,&quot;pagination_type&quot;:&quot;bullets&quot;}\">\r\n         <div class=\"swiper-wrapper\">\r\n            <div class=\"swiper-slide\">\r\n<div class=\"icon-box-item elementor-repeater-item-dec0088\">\r\n\t<div class=\"icon-box-content\">\r\n\r\n\t\t\t\t\t\r\n\t\t\t<div class=\"box-icon\"><i aria-hidden=\"true\" class=\"fas fa-solar-panel\"><\/i><\/div>\r\n\t\t\t<div class=\"content-inner\">\r\n\t\t\t\t<h3 class=\"title\">Instala\u00e7\u00e3o<\/h3>\t\t\t<\/div>\r\n\t\t\t\r\n\t\t\t\r\n\t\t\r\n\t<\/div>  \t\r\n\t\t\t  <a href=\"https:\/\/solumina.devricky.com.br\/index.php\/servicos\/instalacao\/\" class=\"link-overlay\">\r\n\t\t\t \t\t  <\/a>\r\n\t\t  <\/div><\/div><div class=\"swiper-slide\">\r\n<div class=\"icon-box-item elementor-repeater-item-18bb594\">\r\n\t<div class=\"icon-box-content\">\r\n\r\n\t\t\t\t\t\r\n\t\t\t<div class=\"box-icon\"><i aria-hidden=\"true\" class=\"fas fa-business-time\"><\/i><\/div>\r\n\t\t\t<div class=\"content-inner\">\r\n\t\t\t\t<h3 class=\"title\">Consultoria<\/h3>\t\t\t<\/div>\r\n\t\t\t\r\n\t\t\t\r\n\t\t\r\n\t<\/div>  \t\r\n\t\t\t  <a href=\"https:\/\/solumina.devricky.com.br\/index.php\/servicos\/consultoria-solumina\/\" class=\"link-overlay\">\r\n\t\t\t \t\t  <\/a>\r\n\t\t  <\/div><\/div><div class=\"swiper-slide\">\r\n<div class=\"icon-box-item elementor-repeater-item-fa9ceab\">\r\n\t<div class=\"icon-box-content\">\r\n\r\n\t\t\t\t\t\r\n\t\t\t<div class=\"box-icon\"><i aria-hidden=\"true\" class=\"fas fa-eye\"><\/i><\/div>\r\n\t\t\t<div class=\"content-inner\">\r\n\t\t\t\t<h3 class=\"title\">Monitoramento<\/h3>\t\t\t<\/div>\r\n\t\t\t\r\n\t\t\t\r\n\t\t\r\n\t<\/div>  \t\r\n\t\t\t  <a href=\"https:\/\/solumina.devricky.com.br\/index.php\/servicos\/limpeza-dos-paineis-solares\" class=\"link-overlay\">\r\n\t\t\t \t\t  <\/a>\r\n\t\t  <\/div><\/div><div class=\"swiper-slide\">\r\n<div class=\"icon-box-item elementor-repeater-item-b88b08f\">\r\n\t<div class=\"icon-box-content\">\r\n\r\n\t\t\t\t\t\r\n\t\t\t<div class=\"box-icon\"><i aria-hidden=\"true\" class=\" las la-hammer\"><\/i><\/div>\r\n\t\t\t<div class=\"content-inner\">\r\n\t\t\t\t<h3 class=\"title\">Manuten\u00e7\u00e3o <\/h3>\t\t\t<\/div>\r\n\t\t\t\r\n\t\t\t\r\n\t\t\r\n\t<\/div>  \t\r\n\t\t\t  <a href=\"https:\/\/solumina.devricky.com.br\/index.php\/servicos\/manutencao-e-reparo\" class=\"link-overlay\">\r\n\t\t\t \t\t  <\/a>\r\n\t\t  <\/div><\/div>         <\/div>\r\n      <\/div>\r\n   <\/div>   \r\n   <div class=\"swiper-pagination\"><\/div>   <div class=\"swiper-nav-next\"><\/div><div class=\"swiper-nav-prev\"><\/div><\/div>\r\n<\/div>\t\t<\/div>\n\t\t\t\t<\/div>\n\t\t\t\t\t\t<\/div>\n\t\t\t\t\t<\/div>\n\t\t<\/div>\n\t\t\t\t\t\t\t\t<\/div>\n\t\t\t\t\t<\/div>\n\t\t<\/section>\n\t\t\t\t<section class=\"elementor-section elementor-top-section elementor-element elementor-element-56d7278 elementor-section-boxed elementor-section-height-default elementor-section-height-default shape-bg-top-no shape-bg-bottom-no\" data-id=\"56d7278\" data-element_type=\"section\" data-settings=\"{&quot;background_background&quot;:&quot;classic&quot;}\">\n\t\t\t\t\t\t<div class=\"elementor-container elementor-column-gap-default\">\n\t\t\t\t\t\t\t<div class=\"elementor-row\">\n\t\t\t\t\t<div class=\"elementor-column elementor-col-100 elementor-top-column elementor-element elementor-element-1a7da77\" data-id=\"1a7da77\" data-element_type=\"column\">\n\t\t\t<div class=\"elementor-column-wrap elementor-element-populated\">\n\t\t\t\t\t\t\t<div class=\"elementor-widget-wrap\">\n\t\t\t\t\t\t<section class=\"elementor-section elementor-inner-section elementor-element elementor-element-316bc55 align-left elementor-section-boxed elementor-section-height-default elementor-section-height-default shape-bg-top-no shape-bg-bottom-no\" data-id=\"316bc55\" data-element_type=\"section\">\n\t\t\t\t\t\t<div class=\"elementor-container elementor-column-gap-default\">\n\t\t\t\t\t\t\t<div class=\"elementor-row\">\n\t\t\t\t\t<div class=\"elementor-column elementor-col-100 elementor-inner-column elementor-element elementor-element-30d1c22\" data-id=\"30d1c22\" data-element_type=\"column\" data-settings=\"{&quot;background_background&quot;:&quot;classic&quot;}\">\n\t\t\t<div class=\"elementor-column-wrap elementor-element-populated\">\n\t\t\t\t\t\t\t<div class=\"elementor-widget-wrap\">\n\t\t\t\t\t\t<div class=\"elementor-element elementor-element-7e8a197 elementor-widget elementor-widget-gva-heading-block\" data-id=\"7e8a197\" data-element_type=\"widget\" data-settings=\"{&quot;_animation&quot;:&quot;none&quot;}\" data-widget_type=\"gva-heading-block.default\">\n\t\t\t\t<div class=\"elementor-widget-container\">\n\t\t\t<div class=\"gva-element-gva-heading-block gva-element\">   <div class=\"align-left style-1 widget gsc-heading box-align-left auto-responsive\">\r\n      <div class=\"content-inner\">\r\n         \r\n                  \r\n         <div class=\"sub-title\"><span class=\"heading-icon\"><img decoding=\"async\" src=\"http:\/\/solumina.devricky.com.br\/wp-content\/uploads\/2023\/06\/icons8-solar-energy-45.png\" alt=\"\" \/><\/span><span class=\"tagline\">Experi\u00eancia<\/span><\/div>  \r\n         \r\n                     <h2 class=\"title\">\r\n               <span>Conhe\u00e7a a Nossa Hist\u00f3ria: Energia Solar para um Futuro Sustent\u00e1vel<\/span>\r\n            <\/h2>\r\n                              <div class=\"title-desc\">Estamos empenhados em impulsionar a transi\u00e7\u00e3o para uma matriz energ\u00e9tica mais sustent\u00e1vel, ajudando nossos clientes a reduzir sua depend\u00eancia de fontes n\u00e3o renov\u00e1veis e a contribuir para a preserva\u00e7\u00e3o do meio ambiente. Com a nossa experi\u00eancia comprovada, estamos prontos para oferecer a voc\u00ea solu\u00e7\u00f5es sob medida que atendam \u00e0s suas necessidades e objetivos de energia limpa.<\/div>\r\n         \r\n         \r\n      <\/div>\r\n   <\/div>\r\n<\/div>\t\t<\/div>\n\t\t\t\t<\/div>\n\t\t\t\t<div class=\"elementor-element elementor-element-930b982 elementor-widget__width-auto elementor-widget elementor-widget-html\" data-id=\"930b982\" data-element_type=\"widget\" data-widget_type=\"html.default\">\n\t\t\t\t<div class=\"elementor-widget-container\">\n\t\t\t<a class=\"btn-border\" href=\"https:\/\/solumina.devricky.com.br\/index.php\/sobre-nos\/\">\n    Saiba mais sobre n\u00f3s\n<\/a>\t\t<\/div>\n\t\t\t\t<\/div>\n\t\t\t\t\t\t<\/div>\n\t\t\t\t\t<\/div>\n\t\t<\/div>\n\t\t\t\t\t\t\t\t<\/div>\n\t\t\t\t\t<\/div>\n\t\t<\/section>\n\t\t\t\t\t\t<\/div>\n\t\t\t\t\t<\/div>\n\t\t<\/div>\n\t\t\t\t\t\t\t\t<\/div>\n\t\t\t\t\t<\/div>\n\t\t<\/section>\n\t\t\t\t<section class=\"elementor-section elementor-top-section elementor-element elementor-element-c0c0e5f elementor-section-boxed elementor-section-height-default elementor-section-height-default shape-bg-top-no shape-bg-bottom-no\" data-id=\"c0c0e5f\" data-element_type=\"section\">\n\t\t\t\t\t\t<div class=\"elementor-container elementor-column-gap-default\">\n\t\t\t\t\t\t\t<div class=\"elementor-row\">\n\t\t\t\t\t<div class=\"elementor-column elementor-col-100 elementor-top-column elementor-element elementor-element-97cb54a\" data-id=\"97cb54a\" data-element_type=\"column\">\n\t\t\t<div class=\"elementor-column-wrap elementor-element-populated\">\n\t\t\t\t\t\t\t<div class=\"elementor-widget-wrap\">\n\t\t\t\t\t\t<div class=\"elementor-element elementor-element-4b2bc83 elementor-widget elementor-widget-gva-heading-block\" data-id=\"4b2bc83\" data-element_type=\"widget\" data-widget_type=\"gva-heading-block.default\">\n\t\t\t\t<div class=\"elementor-widget-container\">\n\t\t\t<div class=\"gva-element-gva-heading-block gva-element\">   <div class=\"align-center style-1 widget gsc-heading box-align-left auto-responsive\">\r\n      <div class=\"content-inner\">\r\n         \r\n                  \r\n         <div class=\"sub-title\"><span class=\"heading-icon\"><img decoding=\"async\" src=\"http:\/\/solumina.devricky.com.br\/wp-content\/uploads\/2023\/06\/icons8-solar-energy-45.png\" alt=\"\" \/><\/span><span class=\"tagline\">Galeria de Projetos<\/span><span class=\"heading-icon-right\"><img decoding=\"async\" src=\"http:\/\/solumina.devricky.com.br\/wp-content\/uploads\/2023\/06\/icons8-solar-energy-45.png\" alt=\"\" \/><\/span><\/div>  \r\n         \r\n                     <h2 class=\"title\">\r\n               <span>Transformando a energia solar em hist\u00f3rias de sucesso<\/span>\r\n            <\/h2>\r\n                  \r\n         \r\n      <\/div>\r\n   <\/div>\r\n<\/div>\t\t<\/div>\n\t\t\t\t<\/div>\n\t\t\t\t\t\t<\/div>\n\t\t\t\t\t<\/div>\n\t\t<\/div>\n\t\t\t\t\t\t\t\t<\/div>\n\t\t\t\t\t<\/div>\n\t\t<\/section>\n\t\t\t\t<section class=\"elementor-section elementor-top-section elementor-element elementor-element-0817528 elementor-section-boxed elementor-section-height-default elementor-section-height-default shape-bg-top-no shape-bg-bottom-no\" data-id=\"0817528\" data-element_type=\"section\">\n\t\t\t\t\t\t<div class=\"elementor-container elementor-column-gap-default\">\n\t\t\t\t\t\t\t<div class=\"elementor-row\">\n\t\t\t\t\t<div class=\"elementor-column elementor-col-100 elementor-top-column elementor-element elementor-element-fdfa39e\" data-id=\"fdfa39e\" data-element_type=\"column\">\n\t\t\t<div class=\"elementor-column-wrap elementor-element-populated\">\n\t\t\t\t\t\t\t<div class=\"elementor-widget-wrap\">\n\t\t\t\t\t\t<div class=\"elementor-element elementor-element-16322fc elementor-widget elementor-widget-gva-portfolio\" data-id=\"16322fc\" data-element_type=\"widget\" data-widget_type=\"gva-portfolio.default\">\n\t\t\t\t<div class=\"elementor-widget-container\">\n\t\t\t<div class=\"gva-element-gva-portfolio gva-element\">\r\n\t<div class=\"gva-portfolio-carousel swiper-slider-wrapper \">\r\n\t\t<div class=\"swiper-content-inner\">\r\n         <div class=\"init-carousel-swiper swiper\" data-carousel=\"{&quot;items&quot;:3,&quot;items_lg&quot;:3,&quot;items_md&quot;:3,&quot;items_sm&quot;:2,&quot;items_xs&quot;:2,&quot;items_xx&quot;:1,&quot;effect&quot;:&quot;slide&quot;,&quot;space_between&quot;:30,&quot;loop&quot;:1,&quot;speed&quot;:600,&quot;autoplay&quot;:1,&quot;autoplay_delay&quot;:4500,&quot;autoplay_hover&quot;:1,&quot;navigation&quot;:1,&quot;pagination&quot;:0,&quot;dynamic_bullets&quot;:0,&quot;pagination_type&quot;:&quot;bullets&quot;}\">\r\n\t      \t<div class=\"swiper-wrapper\">\r\n\t\t\t\t\t<div class=\"swiper-slide\"><div class=\"all nova-iguacu \">\r\n   <div class=\"portfolio-block portfolio-v1\">      \r\n      <div class=\"images\">\r\n         <a class=\"link-image-content\" href=\"https:\/\/solumina.devricky.com.br\/index.php\/case\/servico-1-2\/\">\r\n            <img width=\"600\" height=\"456\" src=\"https:\/\/solumina.devricky.com.br\/wp-content\/uploads\/2021\/04\/1-600x456.png\" class=\"attachment-medium size-medium wp-post-image\" alt=\"\" decoding=\"async\" loading=\"lazy\" \/>         <\/a>\r\n      <\/div>\r\n      <div class=\"case-content\">\r\n         <div class=\"content-inner\">\r\n            <h3 class=\"title\">\r\n            <a href=\"https:\/\/solumina.devricky.com.br\/index.php\/case\/servico-1-2\/\">Sistema Solar &#8211; 6,03 kWp<\/a><\/h3>\r\n            <div class=\"case-meta\"><a href=\"https:\/\/solumina.devricky.com.br\/index.php\/category-portfolio\/nova-iguacu\/\" title=\"View all posts in Nova Igua\u00e7\u00fa (RJ)\">Nova Igua\u00e7\u00fa (RJ)<\/a><\/div>\r\n         <\/div>    \r\n      <\/div>  \r\n      <div class=\"arrow\"><i class=\"fa-solid fa-arrow-right\"><\/i><\/div>\r\n      <span class=\"bg-overlay\"><\/span>\r\n      <a class=\"link-overlay\" href=\"https:\/\/solumina.devricky.com.br\/index.php\/case\/servico-1-2\/\"><\/a>\r\n   <\/div>\r\n   \r\n<\/div>\r\n<\/div><div class=\"swiper-slide\"><div class=\"all mage \">\r\n   <div class=\"portfolio-block portfolio-v1\">      \r\n      <div class=\"images\">\r\n         <a class=\"link-image-content\" href=\"https:\/\/solumina.devricky.com.br\/index.php\/case\/servico-2\/\">\r\n            <img width=\"600\" height=\"456\" src=\"https:\/\/solumina.devricky.com.br\/wp-content\/uploads\/2021\/04\/2-600x456.png\" class=\"attachment-medium size-medium wp-post-image\" alt=\"\" decoding=\"async\" loading=\"lazy\" \/>         <\/a>\r\n      <\/div>\r\n      <div class=\"case-content\">\r\n         <div class=\"content-inner\">\r\n            <h3 class=\"title\">\r\n            <a href=\"https:\/\/solumina.devricky.com.br\/index.php\/case\/servico-2\/\">Sistema Solar \u2013 3,35 kWp<\/a><\/h3>\r\n            <div class=\"case-meta\"><a href=\"https:\/\/solumina.devricky.com.br\/index.php\/category-portfolio\/mage\/\" title=\"View all posts in Mag\u00e9 (RJ)\">Mag\u00e9 (RJ)<\/a><\/div>\r\n         <\/div>    \r\n      <\/div>  \r\n      <div class=\"arrow\"><i class=\"fa-solid fa-arrow-right\"><\/i><\/div>\r\n      <span class=\"bg-overlay\"><\/span>\r\n      <a class=\"link-overlay\" href=\"https:\/\/solumina.devricky.com.br\/index.php\/case\/servico-2\/\"><\/a>\r\n   <\/div>\r\n   \r\n<\/div>\r\n<\/div><div class=\"swiper-slide\"><div class=\"all sea-fish \">\r\n   <div class=\"portfolio-block portfolio-v1\">      \r\n      <div class=\"images\">\r\n         <a class=\"link-image-content\" href=\"https:\/\/solumina.devricky.com.br\/index.php\/case\/servico-4\/\">\r\n            <img width=\"600\" height=\"456\" src=\"https:\/\/solumina.devricky.com.br\/wp-content\/uploads\/2021\/04\/4-600x456.png\" class=\"attachment-medium size-medium wp-post-image\" alt=\"\" decoding=\"async\" loading=\"lazy\" \/>         <\/a>\r\n      <\/div>\r\n      <div class=\"case-content\">\r\n         <div class=\"content-inner\">\r\n            <h3 class=\"title\">\r\n            <a href=\"https:\/\/solumina.devricky.com.br\/index.php\/case\/servico-4\/\">Sistema Solar \u2013 7,37 kWp<\/a><\/h3>\r\n            <div class=\"case-meta\"><a href=\"https:\/\/solumina.devricky.com.br\/index.php\/category-portfolio\/sea-fish\/\" title=\"View all posts in Mesquita (RJ)\">Mesquita (RJ)<\/a><\/div>\r\n         <\/div>    \r\n      <\/div>  \r\n      <div class=\"arrow\"><i class=\"fa-solid fa-arrow-right\"><\/i><\/div>\r\n      <span class=\"bg-overlay\"><\/span>\r\n      <a class=\"link-overlay\" href=\"https:\/\/solumina.devricky.com.br\/index.php\/case\/servico-4\/\"><\/a>\r\n   <\/div>\r\n   \r\n<\/div>\r\n<\/div><div class=\"swiper-slide\"><div class=\"all sao-joao-de-meriti \">\r\n   <div class=\"portfolio-block portfolio-v1\">      \r\n      <div class=\"images\">\r\n         <a class=\"link-image-content\" href=\"https:\/\/solumina.devricky.com.br\/index.php\/case\/servico-3-2\/\">\r\n            <img width=\"600\" height=\"456\" src=\"https:\/\/solumina.devricky.com.br\/wp-content\/uploads\/2021\/04\/3-600x456.png\" class=\"attachment-medium size-medium wp-post-image\" alt=\"\" decoding=\"async\" loading=\"lazy\" \/>         <\/a>\r\n      <\/div>\r\n      <div class=\"case-content\">\r\n         <div class=\"content-inner\">\r\n            <h3 class=\"title\">\r\n            <a href=\"https:\/\/solumina.devricky.com.br\/index.php\/case\/servico-3-2\/\">Sistema Solar \u2013 5,36 kWp<\/a><\/h3>\r\n            <div class=\"case-meta\"><a href=\"https:\/\/solumina.devricky.com.br\/index.php\/category-portfolio\/sao-joao-de-meriti\/\" title=\"View all posts in S\u00e3o Jo\u00e3o de Meriti (RJ)\">S\u00e3o Jo\u00e3o de Meriti (RJ)<\/a><\/div>\r\n         <\/div>    \r\n      <\/div>  \r\n      <div class=\"arrow\"><i class=\"fa-solid fa-arrow-right\"><\/i><\/div>\r\n      <span class=\"bg-overlay\"><\/span>\r\n      <a class=\"link-overlay\" href=\"https:\/\/solumina.devricky.com.br\/index.php\/case\/servico-3-2\/\"><\/a>\r\n   <\/div>\r\n   \r\n<\/div>\r\n<\/div>\t\t\t\t<\/div> \t\r\n\t\t\t<\/div>\t\r\n\t\t<\/div>\r\n\t\t<div class=\"swiper-pagination\"><\/div>      <div class=\"swiper-nav-next\"><\/div><div class=\"swiper-nav-prev\"><\/div>\t<\/div>\r\n  <\/div>\t\t<\/div>\n\t\t\t\t<\/div>\n\t\t\t\t\t\t<\/div>\n\t\t\t\t\t<\/div>\n\t\t<\/div>\n\t\t\t\t\t\t\t\t<\/div>\n\t\t\t\t\t<\/div>\n\t\t<\/section>\n\t\t\t\t\t\t\t\t\t<\/div>\n\t\t\t<\/div>\n\t\t\t\t\t<\/div>\n\t\t","protected":false},"excerpt":{"rendered":"<p>Servi\u00e7os Nosso compromisso: Servi\u00e7os de excel\u00eancia em energia solar Nossos servi\u00e7os Fornecemos os melhores servi\u00e7os para voc\u00ea! Na nossa empresa, estamos comprometidos em oferecer solu\u00e7\u00f5es personalizadas e de alta qualidade [&hellip;]<\/p>\n","protected":false},"author":1,"featured_media":0,"parent":0,"menu_order":0,"comment_status":"closed","ping_status":"closed","template":"","meta":[],"_links":{"self":[{"href":"https:\/\/solumina.devricky.com.br\/index.php\/wp-json\/wp\/v2\/pages\/161"}],"collection":[{"href":"https:\/\/solumina.devricky.com.br\/index.php\/wp-json\/wp\/v2\/pages"}],"about":[{"href":"https:\/\/solumina.devricky.com.br\/index.php\/wp-json\/wp\/v2\/types\/page"}],"author":[{"embeddable":true,"href":"https:\/\/solumina.devricky.com.br\/index.php\/wp-json\/wp\/v2\/users\/1"}],"replies":[{"embeddable":true,"href":"https:\/\/solumina.devricky.com.br\/index.php\/wp-json\/wp\/v2\/comments?post=161"}],"version-history":[{"count":45,"href":"https:\/\/solumina.devricky.com.br\/index.php\/wp-json\/wp\/v2\/pages\/161\/revisions"}],"predecessor-version":[{"id":2870,"href":"https:\/\/solumina.devricky.com.br\/index.php\/wp-json\/wp\/v2\/pages\/161\/revisions\/2870"}],"wp:attachment":[{"href":"https:\/\/solumina.devricky.com.br\/index.php\/wp-json\/wp\/v2\/media?parent=161"}],"curies":[{"name":"wp","href":"https:\/\/api.w.org\/{rel}","templated":true}]}}