{"id":873,"date":"2021-08-31T01:51:55","date_gmt":"2021-08-31T04:51:55","guid":{"rendered":"https:\/\/gaviaspreview.com\/wp\/orgarium\/admin-confirmation\/"},"modified":"2023-06-12T11:00:46","modified_gmt":"2023-06-12T14:00:46","slug":"portfolio","status":"publish","type":"page","link":"https:\/\/solumina.devricky.com.br\/index.php\/portfolio\/","title":{"rendered":"Portf\u00f3lio"},"content":{"rendered":"\t\t<div data-elementor-type=\"wp-page\" data-elementor-id=\"873\" class=\"elementor elementor-873\">\n\t\t\t\t\t\t<div class=\"elementor-inner\">\n\t\t\t\t<div class=\"elementor-section-wrap\">\n\t\t\t\t\t\t\t\t\t<section class=\"elementor-section elementor-top-section elementor-element elementor-element-3d11835 elementor-section-boxed elementor-section-height-default elementor-section-height-default shape-bg-top-no\" data-id=\"3d11835\" data-element_type=\"section\" data-settings=\"{&quot;background_background&quot;:&quot;slideshow&quot;,&quot;background_slideshow_gallery&quot;:[{&quot;id&quot;:2286,&quot;url&quot;:&quot;http:\\\/\\\/solumina.devricky.com.br\\\/wp-content\\\/uploads\\\/2023\\\/06\\\/1-edited.png&quot;},{&quot;id&quot;:2299,&quot;url&quot;:&quot;http:\\\/\\\/solumina.devricky.com.br\\\/wp-content\\\/uploads\\\/2023\\\/06\\\/2-edited.png&quot;}],&quot;background_slideshow_ken_burns&quot;:&quot;yes&quot;,&quot;background_slideshow_loop&quot;:&quot;yes&quot;,&quot;background_slideshow_slide_duration&quot;:5000,&quot;background_slideshow_slide_transition&quot;:&quot;fade&quot;,&quot;background_slideshow_transition_duration&quot;:500,&quot;background_slideshow_ken_burns_zoom_direction&quot;:&quot;in&quot;}\">\n\t\t\t\t\t\t<div class=\"elementor-container elementor-column-gap-default\">\n\t\t\t\t\t\t\t<div class=\"elementor-row\">\n\t\t\t\t\t<div class=\"elementor-column elementor-col-100 elementor-top-column elementor-element elementor-element-4ee5b1a\" data-id=\"4ee5b1a\" data-element_type=\"column\">\n\t\t\t<div class=\"elementor-column-wrap elementor-element-populated\">\n\t\t\t\t\t\t\t<div class=\"elementor-widget-wrap\">\n\t\t\t\t\t\t<div class=\"elementor-element elementor-element-dc6e955 elementor-widget elementor-widget-gva-heading-block\" data-id=\"dc6e955\" data-element_type=\"widget\" data-widget_type=\"gva-heading-block.default\">\n\t\t\t\t<div class=\"elementor-widget-container\">\n\t\t\t<div class=\"gva-element-gva-heading-block gva-element\">   <div class=\"align-left style-1 widget gsc-heading box-align-left auto-responsive\">\r\n      <div class=\"content-inner\">\r\n         \r\n                  \r\n           \r\n         \r\n                     <h2 class=\"title\">\r\n               <span>Portfolio<\/span>\r\n            <\/h2>\r\n                              <div class=\"title-desc\">Conhe\u00e7a alguns dos trabalhos que executamos com qualidade e satisfa\u00e7\u00e3o de nossos clientes<\/div>\r\n         \r\n         \r\n      <\/div>\r\n   <\/div>\r\n<\/div>\t\t<\/div>\n\t\t\t\t<\/div>\n\t\t\t\t\t\t<\/div>\n\t\t\t\t\t<\/div>\n\t\t<\/div>\n\t\t\t\t\t\t\t\t<\/div>\n\t\t\t\t\t<\/div>\n\t\t<\/section>\n\t\t\t\t<section class=\"elementor-section elementor-top-section elementor-element elementor-element-5f9bc71 elementor-section-boxed elementor-section-height-default elementor-section-height-default shape-bg-top-no shape-bg-bottom-no\" data-id=\"5f9bc71\" data-element_type=\"section\">\n\t\t\t\t\t\t<div class=\"elementor-container elementor-column-gap-default\">\n\t\t\t\t\t\t\t<div class=\"elementor-row\">\n\t\t\t\t\t<div class=\"elementor-column elementor-col-100 elementor-top-column elementor-element elementor-element-1b3d504\" data-id=\"1b3d504\" data-element_type=\"column\">\n\t\t\t<div class=\"elementor-column-wrap elementor-element-populated\">\n\t\t\t\t\t\t\t<div class=\"elementor-widget-wrap\">\n\t\t\t\t\t\t<div class=\"elementor-element elementor-element-5b20e03 elementor-widget elementor-widget-gva-heading-block\" data-id=\"5b20e03\" data-element_type=\"widget\" data-widget_type=\"gva-heading-block.default\">\n\t\t\t\t<div class=\"elementor-widget-container\">\n\t\t\t<div class=\"gva-element-gva-heading-block gva-element\">   <div class=\"align-center style-1 widget gsc-heading box-align-left auto-responsive\">\r\n      <div class=\"content-inner\">\r\n         \r\n                  \r\n         <div class=\"sub-title\"><span class=\"heading-icon\"><img decoding=\"async\" src=\"http:\/\/solumina.devricky.com.br\/wp-content\/uploads\/2023\/06\/icons8-solar-energy-45.png\" alt=\"\" \/><\/span><span class=\"tagline\">Portf\u00f3lio de servi\u00e7os<\/span><span class=\"heading-icon-right\"><img decoding=\"async\" src=\"http:\/\/solumina.devricky.com.br\/wp-content\/uploads\/2023\/06\/icons8-solar-energy-45.png\" alt=\"\" \/><\/span><\/div>  \r\n         \r\n                     <h2 class=\"title\">\r\n               <span>Veja os servi\u00e7os realizados com excel\u00eancia pela nossa empresa<\/span>\r\n            <\/h2>\r\n                  \r\n         \r\n      <\/div>\r\n   <\/div>\r\n<\/div>\t\t<\/div>\n\t\t\t\t<\/div>\n\t\t\t\t<div class=\"elementor-element elementor-element-159af0a elementor-widget elementor-widget-gva-portfolio\" data-id=\"159af0a\" data-element_type=\"widget\" data-widget_type=\"gva-portfolio.default\">\n\t\t\t\t<div class=\"elementor-widget-container\">\n\t\t\t<div class=\"gva-element-gva-portfolio gva-element\">\r\n  <div class=\"gva-portfolio-grid clearfix grid-2678\" data-filter=\"2678\">\r\n                 <nav class=\"portfolio-filter\">\r\n          <ul class=\"nav nav-tabs\">\r\n             <li><a class=\"btn-filter all active\" href=\"javascript:void(0)\" data-filter=\"*\"><span>All<\/span><span class=\"count\"><\/span><\/a><\/li>\r\n                            <li><a href=\"javascript:void(0)\" class=\"btn-filter\" data-filter=\".nova-iguacu\"><span>Nova Igua\u00e7\u00fa (RJ)<\/span><span class=\"count\"><\/span><\/a><\/li>\r\n                            <li><a href=\"javascript:void(0)\" class=\"btn-filter\" data-filter=\".mage\"><span>Mag\u00e9 (RJ)<\/span><span class=\"count\"><\/span><\/a><\/li>\r\n                            <li><a href=\"javascript:void(0)\" class=\"btn-filter\" data-filter=\".sea-fish\"><span>Mesquita (RJ)<\/span><span class=\"count\"><\/span><\/a><\/li>\r\n                            <li><a href=\"javascript:void(0)\" class=\"btn-filter\" data-filter=\".sao-joao-de-meriti\"><span>S\u00e3o Jo\u00e3o de Meriti (RJ)<\/span><span class=\"count\"><\/span><\/a><\/li>\r\n                       <\/ul> \r\n       <\/nav> \r\n        <div class=\"gva-content-items\"> \r\n      <div class=\"isotope-items view-portfolio lg-block-grid-3 md-block-grid-3 sm-block-grid-2 xs-block-grid-1 xx-block-grid-1\">\r\n        \r\n<div class=\"all nova-iguacu  item-columns isotope-item\">\r\n   <div class=\"portfolio-block portfolio-v2\">      \r\n      <div class=\"images\">\r\n         <a class=\"link-image-content\" href=\"https:\/\/solumina.devricky.com.br\/index.php\/case\/servico-1-2\/\">\r\n            <img width=\"580\" height=\"435\" src=\"https:\/\/solumina.devricky.com.br\/wp-content\/uploads\/2021\/04\/1-580x435.png\" class=\"attachment-post-thumbnail size-post-thumbnail wp-post-image\" alt=\"\" decoding=\"async\" loading=\"lazy\" \/>         <\/a> \r\n         <a class=\"bg-overlay\" href=\"https:\/\/solumina.devricky.com.br\/index.php\/case\/servico-1-2\/\"><\/a>\r\n      <\/div>\r\n      <div class=\"case-content\">\r\n         <div class=\"content-inner\">\r\n            <div class=\"content-left\">\r\n               <div class=\"case-meta\"><a href=\"https:\/\/solumina.devricky.com.br\/index.php\/category-portfolio\/nova-iguacu\/\" title=\"View all posts in Nova Igua\u00e7\u00fa (RJ)\">Nova Igua\u00e7\u00fa (RJ)<\/a><\/div>\r\n               <h3 class=\"title\">\r\n                  <a href=\"https:\/\/solumina.devricky.com.br\/index.php\/case\/servico-1-2\/\">Sistema Solar &#8211; 6,03 kWp<\/a>\r\n               <\/h3>\r\n            <\/div>\r\n            <div class=\"content-right\">   \r\n               <a class=\"link-to-content\" href=\"https:\/\/solumina.devricky.com.br\/index.php\/case\/servico-1-2\/\"><i class=\"fa-solid fa-arrow-right\"><\/i><\/a>\r\n            <\/div>   \r\n         <\/div>    \r\n      <\/div>  \r\n      <div class=\"bg-overlay\"><\/div>\r\n   <\/div>\r\n   \r\n<\/div>\r\n\r\n<div class=\"all mage  item-columns isotope-item\">\r\n   <div class=\"portfolio-block portfolio-v2\">      \r\n      <div class=\"images\">\r\n         <a class=\"link-image-content\" href=\"https:\/\/solumina.devricky.com.br\/index.php\/case\/servico-2\/\">\r\n            <img width=\"580\" height=\"435\" src=\"https:\/\/solumina.devricky.com.br\/wp-content\/uploads\/2021\/04\/2-580x435.png\" class=\"attachment-post-thumbnail size-post-thumbnail wp-post-image\" alt=\"\" decoding=\"async\" loading=\"lazy\" \/>         <\/a> \r\n         <a class=\"bg-overlay\" href=\"https:\/\/solumina.devricky.com.br\/index.php\/case\/servico-2\/\"><\/a>\r\n      <\/div>\r\n      <div class=\"case-content\">\r\n         <div class=\"content-inner\">\r\n            <div class=\"content-left\">\r\n               <div class=\"case-meta\"><a href=\"https:\/\/solumina.devricky.com.br\/index.php\/category-portfolio\/mage\/\" title=\"View all posts in Mag\u00e9 (RJ)\">Mag\u00e9 (RJ)<\/a><\/div>\r\n               <h3 class=\"title\">\r\n                  <a href=\"https:\/\/solumina.devricky.com.br\/index.php\/case\/servico-2\/\">Sistema Solar \u2013 3,35 kWp<\/a>\r\n               <\/h3>\r\n            <\/div>\r\n            <div class=\"content-right\">   \r\n               <a class=\"link-to-content\" href=\"https:\/\/solumina.devricky.com.br\/index.php\/case\/servico-2\/\"><i class=\"fa-solid fa-arrow-right\"><\/i><\/a>\r\n            <\/div>   \r\n         <\/div>    \r\n      <\/div>  \r\n      <div class=\"bg-overlay\"><\/div>\r\n   <\/div>\r\n   \r\n<\/div>\r\n\r\n<div class=\"all sea-fish  item-columns isotope-item\">\r\n   <div class=\"portfolio-block portfolio-v2\">      \r\n      <div class=\"images\">\r\n         <a class=\"link-image-content\" href=\"https:\/\/solumina.devricky.com.br\/index.php\/case\/servico-4\/\">\r\n            <img width=\"580\" height=\"435\" src=\"https:\/\/solumina.devricky.com.br\/wp-content\/uploads\/2021\/04\/4-580x435.png\" class=\"attachment-post-thumbnail size-post-thumbnail wp-post-image\" alt=\"\" decoding=\"async\" loading=\"lazy\" \/>         <\/a> \r\n         <a class=\"bg-overlay\" href=\"https:\/\/solumina.devricky.com.br\/index.php\/case\/servico-4\/\"><\/a>\r\n      <\/div>\r\n      <div class=\"case-content\">\r\n         <div class=\"content-inner\">\r\n            <div class=\"content-left\">\r\n               <div class=\"case-meta\"><a href=\"https:\/\/solumina.devricky.com.br\/index.php\/category-portfolio\/sea-fish\/\" title=\"View all posts in Mesquita (RJ)\">Mesquita (RJ)<\/a><\/div>\r\n               <h3 class=\"title\">\r\n                  <a href=\"https:\/\/solumina.devricky.com.br\/index.php\/case\/servico-4\/\">Sistema Solar \u2013 7,37 kWp<\/a>\r\n               <\/h3>\r\n            <\/div>\r\n            <div class=\"content-right\">   \r\n               <a class=\"link-to-content\" href=\"https:\/\/solumina.devricky.com.br\/index.php\/case\/servico-4\/\"><i class=\"fa-solid fa-arrow-right\"><\/i><\/a>\r\n            <\/div>   \r\n         <\/div>    \r\n      <\/div>  \r\n      <div class=\"bg-overlay\"><\/div>\r\n   <\/div>\r\n   \r\n<\/div>\r\n\r\n<div class=\"all sao-joao-de-meriti  item-columns isotope-item\">\r\n   <div class=\"portfolio-block portfolio-v2\">      \r\n      <div class=\"images\">\r\n         <a class=\"link-image-content\" href=\"https:\/\/solumina.devricky.com.br\/index.php\/case\/servico-3-2\/\">\r\n            <img width=\"580\" height=\"435\" src=\"https:\/\/solumina.devricky.com.br\/wp-content\/uploads\/2021\/04\/3-580x435.png\" class=\"attachment-post-thumbnail size-post-thumbnail wp-post-image\" alt=\"\" decoding=\"async\" loading=\"lazy\" \/>         <\/a> \r\n         <a class=\"bg-overlay\" href=\"https:\/\/solumina.devricky.com.br\/index.php\/case\/servico-3-2\/\"><\/a>\r\n      <\/div>\r\n      <div class=\"case-content\">\r\n         <div class=\"content-inner\">\r\n            <div class=\"content-left\">\r\n               <div class=\"case-meta\"><a href=\"https:\/\/solumina.devricky.com.br\/index.php\/category-portfolio\/sao-joao-de-meriti\/\" title=\"View all posts in S\u00e3o Jo\u00e3o de Meriti (RJ)\">S\u00e3o Jo\u00e3o de Meriti (RJ)<\/a><\/div>\r\n               <h3 class=\"title\">\r\n                  <a href=\"https:\/\/solumina.devricky.com.br\/index.php\/case\/servico-3-2\/\">Sistema Solar \u2013 5,36 kWp<\/a>\r\n               <\/h3>\r\n            <\/div>\r\n            <div class=\"content-right\">   \r\n               <a class=\"link-to-content\" href=\"https:\/\/solumina.devricky.com.br\/index.php\/case\/servico-3-2\/\"><i class=\"fa-solid fa-arrow-right\"><\/i><\/a>\r\n            <\/div>   \r\n         <\/div>    \r\n      <\/div>  \r\n      <div class=\"bg-overlay\"><\/div>\r\n   <\/div>\r\n   \r\n<\/div>\r\n      <\/div>\r\n    <\/div>\r\n            <div class=\"pagination\">\r\n                    <\/div>\r\n      <\/div>\r\n  <\/div>\t\t<\/div>\n\t\t\t\t<\/div>\n\t\t\t\t\t\t<\/div>\n\t\t\t\t\t<\/div>\n\t\t<\/div>\n\t\t\t\t\t\t\t\t<\/div>\n\t\t\t\t\t<\/div>\n\t\t<\/section>\n\t\t\t\t<section class=\"elementor-section elementor-top-section elementor-element elementor-element-f07e9b7 elementor-section-boxed elementor-section-height-default elementor-section-height-default shape-bg-top-no shape-bg-bottom-no\" data-id=\"f07e9b7\" data-element_type=\"section\" data-settings=\"{&quot;background_background&quot;:&quot;classic&quot;}\">\n\t\t\t\t\t\t\t<div class=\"elementor-background-overlay\"><\/div>\n\t\t\t\t\t\t\t<div class=\"elementor-container elementor-column-gap-default\">\n\t\t\t\t\t\t\t<div class=\"elementor-row\">\n\t\t\t\t\t<div class=\"elementor-column elementor-col-100 elementor-top-column elementor-element elementor-element-af1e386\" data-id=\"af1e386\" data-element_type=\"column\">\n\t\t\t<div class=\"elementor-column-wrap elementor-element-populated\">\n\t\t\t\t\t\t\t<div class=\"elementor-widget-wrap\">\n\t\t\t\t\t\t<div class=\"elementor-element elementor-element-8a1f11a elementor-widget elementor-widget-gva-heading-block\" data-id=\"8a1f11a\" data-element_type=\"widget\" data-widget_type=\"gva-heading-block.default\">\n\t\t\t\t<div class=\"elementor-widget-container\">\n\t\t\t<div class=\"gva-element-gva-heading-block gva-element\">   <div class=\"align-center style-1 widget gsc-heading box-align-left auto-responsive\">\r\n      <div class=\"content-inner\">\r\n         \r\n                  \r\n           \r\n         \r\n                     <h2 class=\"title\">\r\n               <span>Fa\u00e7a parte dessa revolu\u00e7\u00e3o sustent\u00e1vel!<\/span>\r\n            <\/h2>\r\n                  \r\n                     <div class=\"heading-action\">\r\n               \t\t  <a href=\"https:\/\/solumina.devricky.com.br\/index.php\/contact\/\" class=\"btn-cta btn-theme \">\r\n\t\t\t <span>Contato<\/span>\r\n\t\t  <\/a>\r\n\r\n\t\t              <\/div>\r\n         \r\n      <\/div>\r\n   <\/div>\r\n<\/div>\t\t<\/div>\n\t\t\t\t<\/div>\n\t\t\t\t\t\t<\/div>\n\t\t\t\t\t<\/div>\n\t\t<\/div>\n\t\t\t\t\t\t\t\t<\/div>\n\t\t\t\t\t<\/div>\n\t\t<\/section>\n\t\t\t\t\t\t\t\t\t<\/div>\n\t\t\t<\/div>\n\t\t\t\t\t<\/div>\n\t\t","protected":false},"excerpt":{"rendered":"<p>Portfolio Conhe\u00e7a alguns dos trabalhos que executamos com qualidade e satisfa\u00e7\u00e3o de nossos clientes Portf\u00f3lio de servi\u00e7os Veja os servi\u00e7os realizados com excel\u00eancia pela nossa empresa All Nova Igua\u00e7\u00fa (RJ) [&hellip;]<\/p>\n","protected":false},"author":1,"featured_media":0,"parent":0,"menu_order":0,"comment_status":"closed","ping_status":"closed","template":"","meta":[],"_links":{"self":[{"href":"https:\/\/solumina.devricky.com.br\/index.php\/wp-json\/wp\/v2\/pages\/873"}],"collection":[{"href":"https:\/\/solumina.devricky.com.br\/index.php\/wp-json\/wp\/v2\/pages"}],"about":[{"href":"https:\/\/solumina.devricky.com.br\/index.php\/wp-json\/wp\/v2\/types\/page"}],"author":[{"embeddable":true,"href":"https:\/\/solumina.devricky.com.br\/index.php\/wp-json\/wp\/v2\/users\/1"}],"replies":[{"embeddable":true,"href":"https:\/\/solumina.devricky.com.br\/index.php\/wp-json\/wp\/v2\/comments?post=873"}],"version-history":[{"count":17,"href":"https:\/\/solumina.devricky.com.br\/index.php\/wp-json\/wp\/v2\/pages\/873\/revisions"}],"predecessor-version":[{"id":2854,"href":"https:\/\/solumina.devricky.com.br\/index.php\/wp-json\/wp\/v2\/pages\/873\/revisions\/2854"}],"wp:attachment":[{"href":"https:\/\/solumina.devricky.com.br\/index.php\/wp-json\/wp\/v2\/media?parent=873"}],"curies":[{"name":"wp","href":"https:\/\/api.w.org\/{rel}","templated":true}]}}